{"id":147,"date":"2024-06-13T07:31:35","date_gmt":"2024-06-13T05:31:35","guid":{"rendered":"https:\/\/wasserwirbel-dd.de\/?page_id=147"},"modified":"2024-11-07T12:42:00","modified_gmt":"2024-11-07T11:42:00","slug":"kursbuchung-shop","status":"publish","type":"page","link":"https:\/\/wasserwirbel-dd.de\/?page_id=147","title":{"rendered":"Kursinhalte"},"content":{"rendered":"\n<p class=\"has-medium-font-size\">Unsere Kurse erreichen Sie \u00fcber den Aushang Ihrer Kita oder unter <a href=\"https:\/\/wasserwirbel-dd.de\/?page_id=185\" data-type=\"page\" data-id=\"185\">Kurs buchen<\/a>. <\/p>\n\n\n\n<p class=\"has-medium-font-size\">Ihre Kita m\u00f6chte auch dabei sein? Dann nehmen Sie Kontakt mit uns auf! <a href=\"https:\/\/wasserwirbel-dd.de\/?page_id=120\" data-type=\"page\" data-id=\"120\">Kontakt<\/a><\/p>\n\n\n\n<p class=\"has-medium-font-size\">*Aktuell bieten wir dienstags einen Kombi-Kurs mit 14 Unterrichtseinheiten (UE) ab 5,5 Jahre an. Dieser besteht aus 3 UE Seesternchenkurs und 10 UE Seepferdchenkurs.<\/p>\n\n\n\n<h2 class=\"wp-block-heading\">Seesternchenkurs (ab 4,5 Jahre)<\/h2>\n\n\n\n<p class=\"has-medium-font-size\">Unsere See\u00adsternchen\u00adkurse finden ohne Eltern w\u00e4hrend der Betreuungs\u00adzeit vormittags statt und richten sich an KINDER AB 5 JAHREN, die keine Scheu vor dem Wasser haben. Im Kinder\u00adgarten\u00adalter sind die motorischen und pers\u00f6nlichen F\u00e4hig\u00adkeiten noch sehr unter\u00adschiedlich aus\u00adgepr\u00e4gt. Die Kinder werden individuell gef\u00f6rdert und an das Element Wasser heran\u00adgef\u00fchrt. Spa\u00df und Freude am und im Wasser stehen im Vorder\u00adgrund. Nach Herzens\u00adlust \u00fcben die Kinder das richtige Atmen, Gleiten, Springen, Tauchen und Schweben im Wasser. Die ersten Vor\u00ad\u00fcbungen f\u00fcr Techniken des Schwimmens werden erlernt. Ihr Kind erlernt noch nicht zwingend eine Schwimm\u00adtechnik im See\u00adsternchen\u00adkurs, wird aber in der Lage sein, sich einige Meter im Wasser \u2013 etwa zum Zweck der Selbst\u00adrettung \u2013 fort\u00adzubewegen (bevorzugt in R\u00fccken\u00adlage). Die Bade\u00adregeln werden spielerisch vermittelt. Jedes Kind erh\u00e4lt am Ende des Kurses einen See\u00adsternchen-Schwimm\u00adpass mit den erreichten Grund\u00adfertigkeiten!<\/p>\n\n\n\n<h2 class=\"wp-block-heading\">Seepferdchenkurs (ab 5,5 Jahre)<\/h2>\n\n\n\n<p class=\"has-medium-font-size\">Unser Seepferdchen\u00adkurs richtet sich an kleine Schwimmer mit ersten Erfahrungen AB 6  JAHREN. Vor\u00adaussetzung f\u00fcr die Teil\u00adnahme ist ein abgeschlossener Seesternchen\u00adkurs oder vergleichbare Vorkenntnisse des Kindes. Wie bei unseren See\u00adsternchen\u00adkursen gilt auch hier: Niemand wird durch Gruppen\u00addruck \u00fcber\u00adfordert, sondern entsprechend seines Leistungs\u00adstandes spielerisch weiter\u00adentwickelt. Mit Spielspa\u00df \u00fcben die Kinder weiter das richtige Atmen, Gleiten, Springen, Tauchen und Schweben im Wasser und verbinden alles mit Schwimm\u00adtechniken. Im See\u00adpferdchen\u00adkurs werden mit Hilfe des Schwimm\u00adtage\u00adbuches fortlaufend die Entwicklungs\u00adschritte Ihrer Kinder dokumentiert. Dabei kann \u2013 je nach Entwicklungs\u00adstand Ihres Kindes \u2013 ohne Extra\u00adkosten f\u00fcr Sie und ohne spezielle Pr\u00fcfungs\u00adsituation bereits das Fr\u00fch\u00adschwimmer-Abzeichen erlangt werden. Dieses umfasst:<\/p>\n\n\n\n<ul class=\"wp-block-list\">\n<li class=\"has-medium-font-size\">Kenntnis der Baderegeln<\/li>\n\n\n\n<li class=\"has-medium-font-size\">Sprung vom Beckenrand<\/li>\n\n\n\n<li class=\"has-medium-font-size\">mehrmals sicheres Brustschwimmen 25m oder eine andere Technik ohne Hilfsmittel<\/li>\n\n\n\n<li class=\"has-medium-font-size\">Tauchen mit ge\u00f6ffneten Augen<\/li>\n\n\n\n<li class=\"has-medium-font-size\">Heraufholen eines Gegenstandes mit den H\u00e4nden aus schultertiefen Wasser<\/li>\n<\/ul>\n\n\n\n<h2 class=\"wp-block-heading\">SCHWIMMTRAINING f\u00fcr Schulkinder<\/h2>\n\n\n\n<p class=\"has-medium-font-size\">Ihr Schulkind ist bereits in der Schule, hat aber noch Schwierig\u00adkeiten sich ohne Angst im Wasser zu bewegen? Dann ist unser Schwimm\u00adtraining f\u00fcr KINDER zwischen 7 und 9 JAHREN optimal. Im Schul\u00adsport bleibt oft wenig Zeit auf die unterschiedlichen Bed\u00fcrfnisse der Kinder einzugehen. Deshalb werden in diesem Kurs die Kinder individuell nach Kenntnis\u00adstand ohne Druck in Kleingruppen gef\u00f6rdert. Mit Spielspa\u00df f\u00fcr \u00e4ltere Kinder \u00fcben wir die Grundtechniken wie richtiges Atmen, Gleiten, Springen, Tauchen und Schweben im Wasser und verbinden alles mit der optimale Koordination von Arm-und Bein\u00adbewegung f\u00fcr einen guten Schwimm\u00adstil. Auch in diesem Kurs werden die Entwicklungs\u00adschritte in einem Wasser\u00adtagebuch fortlaufend dokumentiert \u2013 auf Wunsch kann je nach Entwicklungs\u00adstand das Fr\u00fch\u00adschwimmer\u00adabzeichen abgenommen werden. Dieses umfasst:<\/p>\n\n\n\n<ul class=\"wp-block-list\">\n<li class=\"has-medium-font-size\">Kenntnis der Baderegeln<\/li>\n\n\n\n<li class=\"has-medium-font-size\">Sprung vom Beckenrand<\/li>\n\n\n\n<li class=\"has-medium-font-size\">25 Meter Brust\u00adschwim\u00admen oder eine andere Technik ohne Hilfs\u00admittel<\/li>\n\n\n\n<li class=\"has-medium-font-size\">Herauf\u00adholen eines Gegen\u00adstandes mit den H\u00e4nden aus schulter\u00adtiefen Wasser<\/li>\n<\/ul>\n","protected":false},"excerpt":{"rendered":"<p>Unsere Kurse erreichen Sie \u00fcber den Aushang Ihrer Kita oder unter Kurs buchen. Ihre Kita m\u00f6chte auch dabei sein? Dann nehmen Sie Kontakt mit uns auf! Kontakt *Aktuell bieten wir dienstags einen Kombi-Kurs mit 14 Unterrichtseinheiten (UE) ab 5,5 Jahre an. Dieser besteht aus 3 UE Seesternchenkurs und 10 UE Seepferdchenkurs. Seesternchenkurs (ab 4,5 Jahre) [&hellip;]<\/p>\n","protected":false},"author":1,"featured_media":37,"parent":0,"menu_order":0,"comment_status":"closed","ping_status":"closed","template":"","meta":{"footnotes":""},"class_list":["post-147","page","type-page","status-publish","has-post-thumbnail","hentry"],"_links":{"self":[{"href":"https:\/\/wasserwirbel-dd.de\/index.php?rest_route=\/wp\/v2\/pages\/147","targetHints":{"allow":["GET"]}}],"collection":[{"href":"https:\/\/wasserwirbel-dd.de\/index.php?rest_route=\/wp\/v2\/pages"}],"about":[{"href":"https:\/\/wasserwirbel-dd.de\/index.php?rest_route=\/wp\/v2\/types\/page"}],"author":[{"embeddable":true,"href":"https:\/\/wasserwirbel-dd.de\/index.php?rest_route=\/wp\/v2\/users\/1"}],"replies":[{"embeddable":true,"href":"https:\/\/wasserwirbel-dd.de\/index.php?rest_route=%2Fwp%2Fv2%2Fcomments&post=147"}],"version-history":[{"count":16,"href":"https:\/\/wasserwirbel-dd.de\/index.php?rest_route=\/wp\/v2\/pages\/147\/revisions"}],"predecessor-version":[{"id":312,"href":"https:\/\/wasserwirbel-dd.de\/index.php?rest_route=\/wp\/v2\/pages\/147\/revisions\/312"}],"wp:featuredmedia":[{"embeddable":true,"href":"https:\/\/wasserwirbel-dd.de\/index.php?rest_route=\/wp\/v2\/media\/37"}],"wp:attachment":[{"href":"https:\/\/wasserwirbel-dd.de\/index.php?rest_route=%2Fwp%2Fv2%2Fmedia&parent=147"}],"curies":[{"name":"wp","href":"https:\/\/api.w.org\/{rel}","templated":true}]}}