{"id":2,"date":"2024-02-27T13:56:45","date_gmt":"2024-02-27T12:56:45","guid":{"rendered":"https:\/\/wasserwirbel-dd.de\/?page_id=2"},"modified":"2024-11-07T12:36:07","modified_gmt":"2024-11-07T11:36:07","slug":"beispiel-seite","status":"publish","type":"page","link":"https:\/\/wasserwirbel-dd.de\/","title":{"rendered":"Schwimmschule"},"content":{"rendered":"\n<div class=\"wp-block-eds-animate-it-block eds-animate-block-save\"><div class=\"eds-animate animated edsanimate-sis-hidden  \" data-eds-entry-animation=\"zoomIn\" data-eds-entry-delay=\"0\" data-eds-entry-duration=\"2.5\" data-eds-entry-timing=\"linear\" data-eds-exit-animation=\"zoomOut\" data-eds-exit-delay=\"0\" data-eds-exit-duration=\"2\" data-eds-exit-timing=\"linear\" data-eds-repeat-count=\"3\" data-eds-keep=\"no\" data-eds-animate-on=\"load\" data-eds-scroll-offset=\"\">\n<h2 class=\"wp-block-heading has-text-align-center animated bounce has-white-color has-text-color has-background has-link-color wp-elements-59d959ffbaf1abf236411dc5d0fbff7b\" style=\"background-color:#f9410d\"><a href=\"https:\/\/wasserwirbel-dd.de\/?page_id=185\" data-type=\"page\" data-id=\"185\">Neu<\/a>: Privatunterricht f\u00fcr Kinder oder Erwachsene buchbar!<\/h2>\n<\/div><\/div>\n\n\n\n<h2 class=\"wp-block-heading\">Wasserwirbel \u2013 deine Schwimm\u00ad\u00adspa\u00dfschule<\/h2>\n\n\n\n<p class=\"has-medium-font-size\"><img loading=\"lazy\" decoding=\"async\" width=\"50\" height=\"41\" class=\"wp-image-261\" style=\"width: 50px;\" src=\"https:\/\/wasserwirbel-dd.de\/wp-content\/uploads\/2024\/08\/Busbild.jpeg\" alt=\"\">  <strong><mark style=\"background-color:rgba(0, 0, 0, 0)\" class=\"has-inline-color has-luminous-vivid-orange-color\">Shuttle:<\/mark><\/strong> <br>wir bringen dein Kind zur Schwimmst\u00e4tte und wieder zur\u00fcck<\/p>\n\n\n\n<p class=\"has-medium-font-size\"><img loading=\"lazy\" decoding=\"async\" width=\"50\" height=\"50\" class=\"wp-image-264\" style=\"width: 50px;\" src=\"https:\/\/wasserwirbel-dd.de\/wp-content\/uploads\/2024\/08\/sicherheit.png\" alt=\"\" srcset=\"https:\/\/wasserwirbel-dd.de\/wp-content\/uploads\/2024\/08\/sicherheit.png 225w, https:\/\/wasserwirbel-dd.de\/wp-content\/uploads\/2024\/08\/sicherheit-150x150.png 150w\" sizes=\"auto, (max-width: 50px) 100vw, 50px\" \/>  <strong><mark style=\"background-color:rgba(0, 0, 0, 0)\" class=\"has-inline-color has-luminous-vivid-orange-color\">Sicherheit:<\/mark><\/strong> <br>dein Kind ist bei uns voll-versichert und wird von zertifizierten Fahrer:innen und Trainer:innen in Premiumhotels in der Dresdner Innenstadt betreut<\/p>\n\n\n\n<p class=\"has-medium-font-size\"><img loading=\"lazy\" decoding=\"async\" width=\"50\" height=\"30\" class=\"wp-image-265\" style=\"width: 50px;\" src=\"https:\/\/wasserwirbel-dd.de\/wp-content\/uploads\/2024\/08\/Zeit-sparen.png\" alt=\"\">  <strong><mark style=\"background-color:rgba(0, 0, 0, 0)\" class=\"has-inline-color has-luminous-vivid-orange-color\">Zeit:<\/mark><\/strong> <br>Eltern und Erzieher:innen haben keinen zeitlichen Aufwand: Betreuung, Transfer und Unterricht sind von uns abgedeckt<\/p>\n\n\n\n<p class=\"has-medium-font-size\"><img loading=\"lazy\" decoding=\"async\" width=\"50\" height=\"50\" class=\"wp-image-267\" style=\"width: 50px;\" src=\"https:\/\/wasserwirbel-dd.de\/wp-content\/uploads\/2024\/08\/fisch.png\" alt=\"\" srcset=\"https:\/\/wasserwirbel-dd.de\/wp-content\/uploads\/2024\/08\/fisch.png 225w, https:\/\/wasserwirbel-dd.de\/wp-content\/uploads\/2024\/08\/fisch-150x150.png 150w\" sizes=\"auto, (max-width: 50px) 100vw, 50px\" \/>  <strong><mark style=\"background-color:rgba(0, 0, 0, 0)\" class=\"has-inline-color has-luminous-vivid-orange-color\">Entwicklung:<\/mark><\/strong> <br>kindgerecht und mit viel Spa\u00df lernt dein Kind in einer angstfreien Umgebung das Schwimmen<\/p>\n\n\n\n<p class=\"has-medium-font-size\"> <strong><mark style=\"background-color:rgba(0, 0, 0, 0)\" class=\"has-inline-color has-luminous-vivid-orange-color\">Hier geht&#8217;s zur Anmeldung:<\/mark><\/strong> <a href=\"https:\/\/wasserwirbel-dd.de\/?page_id=185\" data-type=\"page\" data-id=\"185\">LINK<\/a><\/p>\n\n\n\n<p class=\"has-medium-font-size\"><strong><mark style=\"background-color:rgba(0, 0, 0, 0)\" class=\"has-inline-color has-luminous-vivid-orange-color\">Weitere Details findest du hier:<\/mark><\/strong> <a href=\"https:\/\/wasserwirbel-dd.de\/?page_id=110\" data-type=\"page\" data-id=\"110\">LINK<\/a><\/p>\n\n\n\n<p class=\"has-medium-font-size\"><strong><mark style=\"background-color:rgba(0, 0, 0, 0)\" class=\"has-inline-color has-luminous-vivid-orange-color\">Schon gewusst: Seepferdchenkurse werden teilweise von der Krankenkasse bezuschusst!<\/mark><\/strong> <\/p>\n\n\n\n<p><\/p>\n\n\n\n<p class=\"has-medium-font-size\"><\/p>\n","protected":false},"excerpt":{"rendered":"<p>Wasserwirbel \u2013 deine Schwimm\u00ad\u00adspa\u00dfschule Shuttle: wir bringen dein Kind zur Schwimmst\u00e4tte und wieder zur\u00fcck Sicherheit: dein Kind ist bei uns voll-versichert und wird von zertifizierten Fahrer:innen und Trainer:innen in Premiumhotels in der Dresdner Innenstadt betreut Zeit: Eltern und Erzieher:innen haben keinen zeitlichen Aufwand: Betreuung, Transfer und Unterricht sind von uns abgedeckt Entwicklung: kindgerecht und mit [&hellip;]<\/p>\n","protected":false},"author":1,"featured_media":158,"parent":0,"menu_order":0,"comment_status":"closed","ping_status":"open","template":"","meta":{"footnotes":""},"class_list":["post-2","page","type-page","status-publish","has-post-thumbnail","hentry"],"_links":{"self":[{"href":"https:\/\/wasserwirbel-dd.de\/index.php?rest_route=\/wp\/v2\/pages\/2","targetHints":{"allow":["GET"]}}],"collection":[{"href":"https:\/\/wasserwirbel-dd.de\/index.php?rest_route=\/wp\/v2\/pages"}],"about":[{"href":"https:\/\/wasserwirbel-dd.de\/index.php?rest_route=\/wp\/v2\/types\/page"}],"author":[{"embeddable":true,"href":"https:\/\/wasserwirbel-dd.de\/index.php?rest_route=\/wp\/v2\/users\/1"}],"replies":[{"embeddable":true,"href":"https:\/\/wasserwirbel-dd.de\/index.php?rest_route=%2Fwp%2Fv2%2Fcomments&post=2"}],"version-history":[{"count":49,"href":"https:\/\/wasserwirbel-dd.de\/index.php?rest_route=\/wp\/v2\/pages\/2\/revisions"}],"predecessor-version":[{"id":311,"href":"https:\/\/wasserwirbel-dd.de\/index.php?rest_route=\/wp\/v2\/pages\/2\/revisions\/311"}],"wp:featuredmedia":[{"embeddable":true,"href":"https:\/\/wasserwirbel-dd.de\/index.php?rest_route=\/wp\/v2\/media\/158"}],"wp:attachment":[{"href":"https:\/\/wasserwirbel-dd.de\/index.php?rest_route=%2Fwp%2Fv2%2Fmedia&parent=2"}],"curies":[{"name":"wp","href":"https:\/\/api.w.org\/{rel}","templated":true}]}}